{"id":8647,"date":"2022-10-11T11:10:44","date_gmt":"2022-10-11T11:10:44","guid":{"rendered":"https:\/\/savewithnerds.com\/?page_id=8647"},"modified":"2024-01-30T15:42:49","modified_gmt":"2024-01-30T10:12:49","slug":"terms-and-conditions","status":"publish","type":"page","link":"https:\/\/savewithnerds.com\/fr\/terms-and-conditions\/","title":{"rendered":"Termes et conditions"},"content":{"rendered":"<p>Bienvenue sur Savewitherds\u00a0!<\/p>\n<p>Ces termes et conditions d\u00e9crivent les r\u00e8gles et r\u00e8glements pour l&#039;utilisation du site Web de Save With Nerds, situ\u00e9 \u00e0 <a href=\"https:\/\/savewithnerds.com\/fr\/\">https:\/\/savewithnerds.com\/<\/a>.<\/p>\n<p>En acc\u00e9dant \u00e0 ce site Web, nous supposons que vous acceptez ces termes et conditions. Ne continuez pas \u00e0 utiliser Savewitherds si vous n&#039;acceptez pas tous les termes et conditions \u00e9nonc\u00e9s sur cette page.<\/p>\n<p>La terminologie suivante s&#039;applique aux pr\u00e9sentes conditions g\u00e9n\u00e9rales, \u00e0 la d\u00e9claration de confidentialit\u00e9 et \u00e0 l&#039;avis de non-responsabilit\u00e9 et \u00e0 tous les accords\u00a0: &quot;Client&quot;, &quot;Vous&quot; et &quot;Votre&quot; font r\u00e9f\u00e9rence \u00e0 vous, la personne qui se connecte sur ce site Web et qui se conforme aux conditions g\u00e9n\u00e9rales de la Soci\u00e9t\u00e9. \u00ab\u00a0La Soci\u00e9t\u00e9\u00a0\u00bb, \u00ab\u00a0Nous-m\u00eames\u00a0\u00bb, \u00ab\u00a0Nous\u00a0\u00bb, \u00ab\u00a0Notre\u00a0\u00bb et \u00ab\u00a0Nous\u00a0\u00bb font r\u00e9f\u00e9rence \u00e0 notre Soci\u00e9t\u00e9. \u00ab\u00a0Partie\u00a0\u00bb, \u00ab\u00a0Parties\u00a0\u00bb ou \u00ab\u00a0Nous\u00a0\u00bb d\u00e9signent \u00e0 la fois le client et nous-m\u00eames. Tous les termes se r\u00e9f\u00e8rent \u00e0 l&#039;offre, \u00e0 l&#039;acceptation et \u00e0 la consid\u00e9ration du paiement n\u00e9cessaire pour entreprendre le processus de notre assistance au Client de la mani\u00e8re la plus appropri\u00e9e dans le but expr\u00e8s de r\u00e9pondre aux besoins du Client en ce qui concerne la fourniture des services d\u00e9clar\u00e9s de la Soci\u00e9t\u00e9, conform\u00e9ment \u00e0 et sous r\u00e9serve de la l\u00e9gislation en vigueur aux Pays-Bas. Toute utilisation de la terminologie ci-dessus ou d&#039;autres mots au singulier, au pluriel, en majuscules et\/ou il\/elle ou ils, sont consid\u00e9r\u00e9s comme interchangeables et donc comme faisant r\u00e9f\u00e9rence \u00e0 ceux-ci.<\/p>\n<h3><strong>Biscuits<\/strong><\/h3>\n<p>Nous employons l&#039;utilisation de cookies. En acc\u00e9dant \u00e0 Savewitherds, vous avez accept\u00e9 d&#039;utiliser des cookies en accord avec la politique de confidentialit\u00e9 de Save With Nerds.<\/p>\n<p>La plupart des sites Web interactifs utilisent des cookies pour nous permettre de r\u00e9cup\u00e9rer les d\u00e9tails de l&#039;utilisateur pour chaque visite. Les cookies sont utilis\u00e9s par notre site Web pour activer la fonctionnalit\u00e9 de certaines zones afin de faciliter la t\u00e2che des personnes visitant notre site Web. Certains de nos partenaires affili\u00e9s\/publicitaires peuvent \u00e9galement utiliser des cookies.<\/p>\n<h3><strong>Licence<\/strong><\/h3>\n<p>Sauf indication contraire, Save With Nerds et\/ou ses conc\u00e9dants d\u00e9tiennent les droits de propri\u00e9t\u00e9 intellectuelle pour tout le mat\u00e9riel sur Savewitherds. Tous les droits de propri\u00e9t\u00e9 intellectuelle sont r\u00e9serv\u00e9s. Vous pouvez y acc\u00e9der \u00e0 partir de Savewitherds pour votre usage personnel, sous r\u00e9serve des restrictions d\u00e9finies dans les pr\u00e9sentes conditions g\u00e9n\u00e9rales.<\/p>\n<p>Il ne faut pas:<\/p>\n<ul>\n<li>Republier le mat\u00e9riel de Savewitherds<\/li>\n<li>Vendre, louer ou sous-licencier du mat\u00e9riel de Savewitherds<\/li>\n<li>Reproduire, dupliquer ou copier le mat\u00e9riel de Savewitherds<\/li>\n<li>Redistribuer le contenu de Savewitherds<\/li>\n<\/ul>\n<p>Le pr\u00e9sent accord prend effet \u00e0 la date des pr\u00e9sentes.<\/p>\n<p>Certaines parties de ce site Web offrent aux utilisateurs la possibilit\u00e9 de publier et d&#039;\u00e9changer des opinions et des informations dans certaines zones du site Web. Save With Nerds ne filtre pas, ne modifie pas, ne publie pas et ne r\u00e9vise pas les commentaires avant leur pr\u00e9sence sur le site Web. Les commentaires ne refl\u00e8tent pas les points de vue et opinions de Save With Nerds, de ses agents et\/ou affili\u00e9s. Les commentaires refl\u00e8tent les points de vue et opinions de la personne qui publie ses points de vue et opinions. Dans la mesure permise par les lois applicables, Save With Nerds ne sera pas responsable des commentaires ou de toute responsabilit\u00e9, dommages ou d\u00e9penses caus\u00e9s et\/ou subis \u00e0 la suite de toute utilisation et\/ou publication et\/ou apparition des commentaires. sur ce site.<\/p>\n<p>Save With Nerds se r\u00e9serve le droit de surveiller tous les commentaires et de supprimer tout commentaire pouvant \u00eatre consid\u00e9r\u00e9 comme inappropri\u00e9, offensant ou entra\u00eenant une violation des pr\u00e9sentes conditions g\u00e9n\u00e9rales.<\/p>\n<p>Vous garantissez et d\u00e9clarez que\u00a0:<\/p>\n<ul>\n<li>Vous avez le droit de publier les commentaires sur notre site Web et disposez de toutes les licences et autorisations n\u00e9cessaires pour le faire\u00a0;<\/li>\n<li>Les Commentaires n&#039;envahissent aucun droit de propri\u00e9t\u00e9 intellectuelle, y compris, sans s&#039;y limiter, le droit d&#039;auteur, le brevet ou la marque de commerce d&#039;un tiers\u00a0;<\/li>\n<li>Les commentaires ne contiennent aucun mat\u00e9riel diffamatoire, calomnieux, offensant, ind\u00e9cent ou autrement ill\u00e9gal qui constitue une atteinte \u00e0 la vie priv\u00e9e<\/li>\n<li>Les Commentaires ne seront pas utilis\u00e9s pour solliciter ou promouvoir des activit\u00e9s commerciales ou personnalis\u00e9es ou pr\u00e9senter des activit\u00e9s commerciales ou des activit\u00e9s ill\u00e9gales.<\/li>\n<\/ul>\n<p>Par la pr\u00e9sente, vous accordez \u00e0 Save With Nerds une licence non exclusive pour utiliser, reproduire, \u00e9diter et autoriser d&#039;autres personnes \u00e0 utiliser, reproduire et \u00e9diter n&#039;importe lequel de vos commentaires sous toutes formes, formats ou supports.<\/p>\n<h3><strong>Hyperlien vers notre Contenu<\/strong><\/h3>\n<p>Les organisations suivantes peuvent cr\u00e9er un lien vers notre site Web sans autorisation \u00e9crite pr\u00e9alable\u00a0:<\/p>\n<ul>\n<li>Organismes gouvernementaux;<\/li>\n<li>Moteurs de recherche;<\/li>\n<li>Organismes de presse\u00a0;<\/li>\n<li>Les distributeurs d&#039;annuaires en ligne peuvent cr\u00e9er un lien vers notre site Web de la m\u00eame mani\u00e8re qu&#039;ils cr\u00e9ent un lien hypertexte vers les sites Web d&#039;autres entreprises r\u00e9pertori\u00e9es\u00a0; et<\/li>\n<li>Entreprises accr\u00e9dit\u00e9es \u00e0 l&#039;\u00e9chelle du syst\u00e8me, \u00e0 l&#039;exception des organisations \u00e0 but non lucratif, des centres commerciaux caritatifs et des groupes de collecte de fonds caritatifs qui ne peuvent pas cr\u00e9er de lien hypertexte vers notre site Web.<\/li>\n<\/ul>\n<p>Ces organisations peuvent cr\u00e9er un lien vers notre page d&#039;accueil, vers des publications ou vers d&#039;autres informations du site Web tant que le lien : (a) n&#039;est en aucun cas trompeur ; (b) n&#039;implique pas faussement le parrainage, l&#039;approbation ou l&#039;approbation de la partie de liaison et de ses produits et\/ou services\u00a0; et (c) s&#039;inscrit dans le contexte du site de la partie de liaison.<\/p>\n<p>Nous pouvons examiner et approuver d&#039;autres demandes de lien provenant des types d&#039;organisations suivants\u00a0:<\/p>\n<ul>\n<li>des sources d&#039;informations sur les consommateurs et\/ou les entreprises bien connues\u00a0;<\/li>\n<li>les sites communautaires dot.com\u00a0;<\/li>\n<li>associations ou autres groupes repr\u00e9sentant des organismes de bienfaisance\u00a0;<\/li>\n<li>distributeurs d&#039;annuaires en ligne;<\/li>\n<li>portails Internet;<\/li>\n<li>cabinets comptables, juridiques et de conseil; et<\/li>\n<li>les \u00e9tablissements d&#039;enseignement et les associations professionnelles.<\/li>\n<\/ul>\n<p>Nous approuverons les demandes de lien de ces organisations si nous d\u00e9cidons que\u00a0: (a) le lien ne nous ferait pas para\u00eetre d\u00e9favorable \u00e0 nous-m\u00eames ou \u00e0 nos entreprises accr\u00e9dit\u00e9es\u00a0; (b) l&#039;organisation n&#039;a aucun dossier n\u00e9gatif avec nous\u00a0; (c) le b\u00e9n\u00e9fice pour nous de la visibilit\u00e9 de l&#039;hyperlien compense l&#039;absence de Save With Nerds\u00a0; et (d) le lien se trouve dans le contexte d&#039;informations g\u00e9n\u00e9rales sur les ressources.<\/p>\n<p>Ces organisations peuvent cr\u00e9er un lien vers notre page d&#039;accueil tant que le lien : (a) n&#039;est en aucun cas trompeur ; (b) n&#039;implique pas faussement le parrainage, l&#039;approbation ou l&#039;approbation de la partie de liaison et de ses produits ou services\u00a0; et (c) s&#039;inscrit dans le contexte du site de la partie de liaison.<\/p>\n<p>Si vous \u00eates l&#039;une des organisations \u00e9num\u00e9r\u00e9es au paragraphe 2 ci-dessus et que vous souhaitez cr\u00e9er un lien vers notre site Web, vous devez nous en informer en envoyant un e-mail \u00e0 Save With Nerds. Veuillez inclure votre nom, le nom de votre organisation, vos coordonn\u00e9es ainsi que l&#039;URL de votre site, une liste de toutes les URL \u00e0 partir desquelles vous avez l&#039;intention de cr\u00e9er un lien vers notre site Web et une liste des URL de notre site vers lesquelles vous souhaitez lien. Attendre 2-3 semaines pour une r\u00e9ponse.<\/p>\n<p>Les organisations approuv\u00e9es peuvent cr\u00e9er un lien hypertexte vers notre site Web comme suit\u00a0:<\/p>\n<ul>\n<li>En utilisant notre d\u00e9nomination sociale\u00a0; ou<\/li>\n<li>En utilisant le localisateur de ressources uniforme auquel il est li\u00e9\u00a0; ou<\/li>\n<li>Par l&#039;utilisation de toute autre description de notre site Web li\u00e9 \u00e0 qui a du sens dans le contexte et le format du contenu sur le site de la partie de liaison.<\/li>\n<\/ul>\n<p>Aucune utilisation du logo de Save With Nerds ou d&#039;autres illustrations ne sera autoris\u00e9e pour le lien en l&#039;absence d&#039;un accord de licence de marque.<\/p>\n<h3><strong>iFrame<\/strong><\/h3>\n<p>Sans approbation pr\u00e9alable et autorisation \u00e9crite, vous ne pouvez pas cr\u00e9er de cadres autour de nos pages Web qui modifient de quelque mani\u00e8re que ce soit la pr\u00e9sentation visuelle ou l&#039;apparence de notre site Web.<\/p>\n<h3><strong>Responsabilit\u00e9 relative au contenu<\/strong><\/h3>\n<p>Nous ne serons pas tenus responsables du contenu qui appara\u00eet sur votre site Web. Vous acceptez de nous prot\u00e9ger et de nous d\u00e9fendre contre toutes les r\u00e9clamations qui surgissent sur votre site Web. Aucun lien ne doit appara\u00eetre sur un site Web pouvant \u00eatre interpr\u00e9t\u00e9 comme diffamatoire, obsc\u00e8ne ou criminel, ou qui enfreint, viole autrement ou pr\u00e9conise la violation ou toute autre violation des droits de tiers.<\/p>\n<h3><strong>Votre vie priv\u00e9e<\/strong><\/h3>\n<p>Veuillez lire la politique de confidentialit\u00e9<\/p>\n<h3><strong>R\u00e9serve de droits<\/strong><\/h3>\n<p>Nous nous r\u00e9servons le droit de vous demander de supprimer tous les liens ou tout lien particulier vers notre site Web. Vous acceptez de supprimer imm\u00e9diatement tous les liens vers notre site Web sur demande. Nous nous r\u00e9servons \u00e9galement le droit de modifier ces termes et conditions et sa politique de liaison \u00e0 tout moment. En vous connectant continuellement \u00e0 notre site Web, vous acceptez d&#039;\u00eatre li\u00e9 et de suivre ces conditions g\u00e9n\u00e9rales de liaison.<\/p>\n<h3><strong>Suppression de liens de notre site Web<\/strong><\/h3>\n<p>Si vous trouvez un lien sur notre site Web qui est offensant pour quelque raison que ce soit, vous \u00eates libre de nous contacter et de nous en informer \u00e0 tout moment. Nous examinerons les demandes de suppression de liens, mais nous ne sommes pas oblig\u00e9s de vous r\u00e9pondre directement.<\/p>\n<p>Nous ne garantissons pas que les informations sur ce site Web sont correctes, nous ne garantissons pas leur exhaustivit\u00e9 ou leur exactitude\u00a0; nous ne promettons pas non plus de garantir que le site Web reste disponible ou que le contenu du site Web est tenu \u00e0 jour.<\/p>\n<h3><strong>Clause de non-responsabilit\u00e9<\/strong><\/h3>\n<p>Dans la mesure maximale permise par la loi applicable, nous excluons toutes les repr\u00e9sentations, garanties et conditions relatives \u00e0 notre site Web et \u00e0 l&#039;utilisation de ce site Web. Rien dans cette clause de non-responsabilit\u00e9\u00a0:<\/p>\n<ul>\n<li>limiter ou exclure notre ou votre responsabilit\u00e9 en cas de d\u00e9c\u00e8s ou de blessures corporelles\u00a0;<\/li>\n<li>limiter ou exclure notre ou votre responsabilit\u00e9 en cas de fraude ou de fausse d\u00e9claration frauduleuse\u00a0;<\/li>\n<li>limiter l&#039;une de nos ou vos responsabilit\u00e9s d&#039;une mani\u00e8re qui n&#039;est pas autoris\u00e9e par la loi applicable\u00a0; ou<\/li>\n<li>exclure l&#039;une de nos ou vos responsabilit\u00e9s qui ne peuvent \u00eatre exclues en vertu de la loi applicable.<\/li>\n<\/ul>\n<p>Les limitations et interdictions de responsabilit\u00e9 \u00e9nonc\u00e9es dans la pr\u00e9sente section et ailleurs dans la pr\u00e9sente clause de non-responsabilit\u00e9\u00a0: (a) sont soumises au paragraphe pr\u00e9c\u00e9dent\u00a0; et (b) r\u00e9gissent toutes les responsabilit\u00e9s d\u00e9coulant de la clause de non-responsabilit\u00e9, y compris les responsabilit\u00e9s contractuelles, d\u00e9lictuelles et pour manquement \u00e0 une obligation l\u00e9gale.<\/p>\n<p>Tant que le site Web et les informations et services sur le site Web sont fournis gratuitement, nous ne serons pas responsables de toute perte ou dommage de quelque nature que ce soit.<\/p>","protected":false},"excerpt":{"rendered":"<p>Welcome to Savewitherds! These terms and conditions outline the rules and regulations for the use of Save With Nerds&#8217;s Website, located at https:\/\/savewithnerds.com\/. By accessing this website we assume you accept these terms and conditions. Do not continue to use Savewitherds if you do not agree to take all of the terms and conditions stated<\/p>","protected":false},"author":1,"featured_media":0,"parent":0,"menu_order":0,"comment_status":"closed","ping_status":"closed","template":"","meta":{"footnotes":""},"class_list":["post-8647","page","type-page","status-publish"],"_links":{"self":[{"href":"https:\/\/savewithnerds.com\/fr\/wp-json\/wp\/v2\/pages\/8647","targetHints":{"allow":["GET"]}}],"collection":[{"href":"https:\/\/savewithnerds.com\/fr\/wp-json\/wp\/v2\/pages"}],"about":[{"href":"https:\/\/savewithnerds.com\/fr\/wp-json\/wp\/v2\/types\/page"}],"author":[{"embeddable":true,"href":"https:\/\/savewithnerds.com\/fr\/wp-json\/wp\/v2\/users\/1"}],"replies":[{"embeddable":true,"href":"https:\/\/savewithnerds.com\/fr\/wp-json\/wp\/v2\/comments?post=8647"}],"version-history":[{"count":0,"href":"https:\/\/savewithnerds.com\/fr\/wp-json\/wp\/v2\/pages\/8647\/revisions"}],"wp:attachment":[{"href":"https:\/\/savewithnerds.com\/fr\/wp-json\/wp\/v2\/media?parent=8647"}],"curies":[{"name":"wp","href":"https:\/\/api.w.org\/{rel}","templated":true}]}}