{"id":8548,"date":"2022-10-07T11:46:13","date_gmt":"2022-10-07T11:46:13","guid":{"rendered":"https:\/\/savewithnerds.com\/?page_id=8548"},"modified":"2024-01-30T15:50:13","modified_gmt":"2024-01-30T10:20:13","slug":"cookie-policy","status":"publish","type":"page","link":"https:\/\/savewithnerds.com\/fr\/cookie-policy\/","title":{"rendered":"Politique relative aux cookies"},"content":{"rendered":"<p>Ceci est la politique en mati\u00e8re de cookies pour Savewithnerds, accessible \u00e0 partir de <a href=\"https:\/\/savewithnerds.com\/fr\/\">https:\/\/savewithnerds.com\/<\/a><\/p>\n<p><strong>Que sont les cookies<\/strong><\/p>\n<p>Comme c&#039;est la pratique courante avec presque tous les sites Web professionnels, ce site utilise des cookies, qui sont de petits fichiers t\u00e9l\u00e9charg\u00e9s sur votre ordinateur, pour am\u00e9liorer votre exp\u00e9rience. Cette page d\u00e9crit les informations qu&#039;ils recueillent, comment nous les utilisons et pourquoi nous avons parfois besoin de stocker ces cookies. Nous partagerons \u00e9galement comment vous pouvez emp\u00eacher le stockage de ces cookies, mais cela peut d\u00e9grader ou &quot;casser&quot; certains \u00e9l\u00e9ments de la fonctionnalit\u00e9 des sites.<\/p>\n<p><strong>Comment nous utilisons les cookies<\/strong><\/p>\n<p>Nous utilisons des cookies pour diverses raisons d\u00e9taill\u00e9es ci-dessous. Malheureusement, dans la plupart des cas, il n&#039;existe pas d&#039;options standard de l&#039;industrie pour d\u00e9sactiver les cookies sans d\u00e9sactiver compl\u00e8tement les fonctionnalit\u00e9s et fonctionnalit\u00e9s qu&#039;ils ajoutent \u00e0 ce site. Il est recommand\u00e9 de laisser tous les cookies si vous n&#039;\u00eates pas s\u00fbr d&#039;en avoir besoin ou non au cas o\u00f9 ils seraient utilis\u00e9s pour fournir un service que vous utilisez.<\/p>\n<p><strong>D\u00e9sactivation des cookies<\/strong><\/p>\n<p>Vous pouvez emp\u00eacher l&#039;installation de cookies en ajustant les param\u00e8tres de votre navigateur (voir l&#039;aide de votre navigateur pour savoir comment proc\u00e9der). Sachez que la d\u00e9sactivation des cookies affectera la fonctionnalit\u00e9 de ce site et de nombreux autres sites Web que vous visitez. La d\u00e9sactivation des cookies entra\u00eenera g\u00e9n\u00e9ralement la d\u00e9sactivation de certaines fonctionnalit\u00e9s et caract\u00e9ristiques de ce site. Il est donc recommand\u00e9 de ne pas d\u00e9sactiver les cookies.<\/p>\n<p><strong>Les cookies que nous installons<\/strong><\/p>\n<ul>\n<li>Cookies li\u00e9s aux newsletters par e-mailCe site propose des services de newsletter ou d&#039;abonnement par e-mail et des cookies peuvent \u00eatre utilis\u00e9s pour se rappeler si vous \u00eates d\u00e9j\u00e0 inscrit et s&#039;il faut afficher certaines notifications qui pourraient n&#039;\u00eatre valables que pour les utilisateurs abonn\u00e9s\/d\u00e9sabonn\u00e9s.<\/li>\n<\/ul>\n<p><strong>Cookies tiers<\/strong><\/p>\n<p>Dans certains cas particuliers, nous utilisons \u00e9galement des cookies fournis par des tiers de confiance. La section suivante d\u00e9taille les cookies tiers que vous pourriez rencontrer via ce site.<\/p>\n<ul>\n<li>Ce site utilise Google Analytics qui est l&#039;une des solutions d&#039;analyse les plus r\u00e9pandues et les plus fiables sur le Web pour nous aider \u00e0 comprendre comment vous utilisez le site et comment nous pouvons am\u00e9liorer votre exp\u00e9rience. Ces cookies peuvent suivre des \u00e9l\u00e9ments tels que le temps que vous passez sur le site et les pages que vous visitez afin que nous puissions continuer \u00e0 produire un contenu attrayant. Pour plus d&#039;informations sur les cookies de Google Analytics, consultez la page officielle de Google Analytics.<\/li>\n<li>De temps en temps, nous testons de nouvelles fonctionnalit\u00e9s et apportons des modifications subtiles \u00e0 la mani\u00e8re dont le site est livr\u00e9. Lorsque nous testons encore de nouvelles fonctionnalit\u00e9s, ces cookies peuvent \u00eatre utilis\u00e9s pour garantir que vous recevez une exp\u00e9rience coh\u00e9rente sur le site tout en garantissant que nous comprenons quelles optimisations nos utilisateurs appr\u00e9cient le plus.<\/li>\n<li>Lorsque nous vendons des produits, il est important pour nous de comprendre les statistiques sur le nombre de visiteurs de notre site qui effectuent r\u00e9ellement un achat et, \u00e0 ce titre, c&#039;est le type de donn\u00e9es que ces cookies suivront. Ceci est important pour vous car cela signifie que nous pouvons faire des pr\u00e9visions commerciales pr\u00e9cises qui nous permettent de surveiller nos co\u00fbts de publicit\u00e9 et de produit afin de garantir le meilleur prix possible.<\/li>\n<li>Le service Google AdSense que nous utilisons pour diffuser de la publicit\u00e9 utilise un cookie DoubleClick pour diffuser des annonces plus pertinentes sur le Web et limiter le nombre de fois qu&#039;une annonce donn\u00e9e vous est pr\u00e9sent\u00e9e. Pour plus d&#039;informations sur Google AdSense, consultez la FAQ officielle sur la confidentialit\u00e9 de Google AdSense.<\/li>\n<li>Plusieurs partenaires font de la publicit\u00e9 en notre nom et les cookies de suivi des affili\u00e9s nous permettent simplement de voir si nos clients sont venus sur le site via l&#039;un de nos sites partenaires afin que nous puissions les cr\u00e9diter de mani\u00e8re appropri\u00e9e et, le cas \u00e9ch\u00e9ant, permettre \u00e0 nos partenaires affili\u00e9s de fournir tout bonus qu&#039;ils peuvent vous fournir pour effectuer un achat.<\/li>\n<li>Nous utilisons \u00e9galement des boutons et\/ou des plugins de r\u00e9seaux sociaux sur ce site qui vous permettent de vous connecter \u00e0 votre r\u00e9seau social de diff\u00e9rentes mani\u00e8res. Pour que ceux-ci fonctionnent, les sites de m\u00e9dias sociaux suivants, notamment\u00a0; {Listez les r\u00e9seaux sociaux dont les fonctionnalit\u00e9s que vous avez int\u00e9gr\u00e9es \u00e0 votre site\u00a0?:12}, installeront des cookies via notre site qui peuvent \u00eatre utilis\u00e9s pour am\u00e9liorer votre profil sur leur site ou contribuer aux donn\u00e9es qu&#039;ils d\u00e9tiennent \u00e0 diverses fins d\u00e9crites dans leur confidentialit\u00e9 respective Strat\u00e9gies.<\/li>\n<\/ul>\n<p><strong>Plus d&#039;information<\/strong><\/p>\n<p>J&#039;esp\u00e8re que cela a clarifi\u00e9 les choses pour vous et, comme mentionn\u00e9 pr\u00e9c\u00e9demment, s&#039;il y a quelque chose dont vous n&#039;\u00eates pas s\u00fbr d&#039;avoir besoin ou non, il est g\u00e9n\u00e9ralement plus s\u00fbr de laisser les cookies activ\u00e9s au cas o\u00f9 ils interagissent avec l&#039;une des fonctionnalit\u00e9s que vous utilisez sur notre site.<\/p>\n<p>Cependant, si vous \u00eates toujours \u00e0 la recherche de plus d&#039;informations, vous pouvez nous contacter via l&#039;une de nos m\u00e9thodes de contact pr\u00e9f\u00e9r\u00e9es\u00a0:<\/p>\n<ul>\n<li>Courriel : hello@savewithnerds.com<\/li>\n<\/ul>","protected":false},"excerpt":{"rendered":"<p>This is the Cookie Policy for Savewithnerds, accessible from https:\/\/savewithnerds.com\/ What Are Cookies As is common practice with almost all professional websites this site uses cookies, which are tiny files that are downloaded to your computer, to improve your experience. This page describes what information they gather, how we use it and why we sometimes<\/p>","protected":false},"author":2,"featured_media":0,"parent":0,"menu_order":0,"comment_status":"closed","ping_status":"closed","template":"","meta":{"footnotes":""},"class_list":["post-8548","page","type-page","status-publish"],"_links":{"self":[{"href":"https:\/\/savewithnerds.com\/fr\/wp-json\/wp\/v2\/pages\/8548","targetHints":{"allow":["GET"]}}],"collection":[{"href":"https:\/\/savewithnerds.com\/fr\/wp-json\/wp\/v2\/pages"}],"about":[{"href":"https:\/\/savewithnerds.com\/fr\/wp-json\/wp\/v2\/types\/page"}],"author":[{"embeddable":true,"href":"https:\/\/savewithnerds.com\/fr\/wp-json\/wp\/v2\/users\/2"}],"replies":[{"embeddable":true,"href":"https:\/\/savewithnerds.com\/fr\/wp-json\/wp\/v2\/comments?post=8548"}],"version-history":[{"count":0,"href":"https:\/\/savewithnerds.com\/fr\/wp-json\/wp\/v2\/pages\/8548\/revisions"}],"wp:attachment":[{"href":"https:\/\/savewithnerds.com\/fr\/wp-json\/wp\/v2\/media?parent=8548"}],"curies":[{"name":"wp","href":"https:\/\/api.w.org\/{rel}","templated":true}]}}