{"id":8547,"date":"2022-10-07T11:44:42","date_gmt":"2022-10-07T11:44:42","guid":{"rendered":"https:\/\/savewithnerds.com\/?page_id=8547"},"modified":"2024-01-30T15:48:21","modified_gmt":"2024-01-30T10:18:21","slug":"affiliate-policy","status":"publish","type":"page","link":"https:\/\/savewithnerds.com\/fr\/affiliate-policy\/","title":{"rendered":"Politique d&#039;affiliation"},"content":{"rendered":"<p>\u00c0 <a href=\"https:\/\/savewithnerds.com\/fr\/\">\u00c9conomisez avec les nerds<\/a>\u00a0vous trouverez des liens pour acheter des produits d&#039;Amazon et d&#039;autres partenaires. Si vous cliquez sur ces liens, vous constaterez parfois que l&#039;URL comprend un petit morceau de texte suppl\u00e9mentaire qui identifie que le clic provient de notre site Web. Ce texte est un code d&#039;affiliation, et cela signifie que nous recevons un petit pourcentage de l&#039;argent que vous d\u00e9pensez si vous choisissez d&#039;acheter ce produit ; ou, dans certains cas, d&#039;autres produits du site peu de temps apr\u00e8s.<\/p>\n<p>Ces liens d&#039;affiliation aident \u00e0 payer les co\u00fbts de production de ce site Web et garantissent que le contenu est gratuit pour vous. Cependant, cela ne signifie pas que nous sommes redevables \u00e0 Amazon ou \u00e0 toute autre entreprise. L&#039;entreprise n&#039;a pas non plus d&#039;influence sur la couverture \u00e9ditoriale, les produits que nous publions, la fa\u00e7on dont nous \u00e9valuons les produits, ni les produits qui sont \u00e9valu\u00e9s positivement. Notre contenu \u00e9ditorial est totalement impartial et bas\u00e9 sur des tests et des recherches approfondis. Bien que notre \u00e9quipe \u00e9ditoriale soit souvent charg\u00e9e d&#039;ins\u00e9rer des liens dans les pages, leurs critiques et recommandations sont totalement ind\u00e9pendantes sur le plan \u00e9ditorial et il n&#039;y a aucune incitation \u00e0 recommander de mauvais produits.<\/p>\n<p>Pour plus d&#039;informations, veuillez consulter notre\u00a0<a href=\"https:\/\/savewithnerds.com\/fr\/privacy-policy\/\">politique de confidentialit\u00e9<\/a>\u00a0et\u00a0<a href=\"https:\/\/savewithnerds.com\/fr\/cookie-policy\/\">politique relative aux cookies<\/a>.<\/p>","protected":false},"excerpt":{"rendered":"<p>At Save With Nerds\u00a0you\u2019ll find links to buy products from Amazon and other partners. If you click on these links, you\u2019ll sometimes find that the URL includes a small extra piece of text that identifies that the click came from our website. This text is an affiliate code, and it means we receive a small<\/p>","protected":false},"author":2,"featured_media":0,"parent":0,"menu_order":0,"comment_status":"closed","ping_status":"closed","template":"","meta":{"footnotes":""},"class_list":["post-8547","page","type-page","status-publish"],"_links":{"self":[{"href":"https:\/\/savewithnerds.com\/fr\/wp-json\/wp\/v2\/pages\/8547","targetHints":{"allow":["GET"]}}],"collection":[{"href":"https:\/\/savewithnerds.com\/fr\/wp-json\/wp\/v2\/pages"}],"about":[{"href":"https:\/\/savewithnerds.com\/fr\/wp-json\/wp\/v2\/types\/page"}],"author":[{"embeddable":true,"href":"https:\/\/savewithnerds.com\/fr\/wp-json\/wp\/v2\/users\/2"}],"replies":[{"embeddable":true,"href":"https:\/\/savewithnerds.com\/fr\/wp-json\/wp\/v2\/comments?post=8547"}],"version-history":[{"count":0,"href":"https:\/\/savewithnerds.com\/fr\/wp-json\/wp\/v2\/pages\/8547\/revisions"}],"wp:attachment":[{"href":"https:\/\/savewithnerds.com\/fr\/wp-json\/wp\/v2\/media?parent=8547"}],"curies":[{"name":"wp","href":"https:\/\/api.w.org\/{rel}","templated":true}]}}