{"id":4468,"date":"2022-07-20T11:26:40","date_gmt":"2022-07-20T11:26:40","guid":{"rendered":"https:\/\/savewithnerds.com\/?page_id=4468"},"modified":"2024-05-08T10:36:27","modified_gmt":"2024-05-08T05:06:27","slug":"about-us","status":"publish","type":"page","link":"https:\/\/savewithnerds.com\/fr\/about-us\/","title":{"rendered":"\u00c0 propos de nous"},"content":{"rendered":"<div data-elementor-type=\"wp-page\" data-elementor-id=\"4468\" class=\"elementor elementor-4468\">\n\t\t\t\t\t\t\t\t\t<section class=\"has-el-gap el-gap-default elementor-section elementor-top-section elementor-element elementor-element-ce227df elementor-section-boxed elementor-section-height-default elementor-section-height-default\" data-id=\"ce227df\" data-element_type=\"section\">\n\t\t\t\t\t\t<div class=\"elementor-container elementor-column-gap-no\">\n\t\t\t\t\t<div class=\"elementor-column elementor-col-100 elementor-top-column elementor-element elementor-element-f4a5057\" data-id=\"f4a5057\" data-element_type=\"column\">\n\t\t\t<div class=\"elementor-widget-wrap elementor-element-populated\">\n\t\t\t\t\t\t\t\t<div class=\"elementor-element elementor-element-c93b2bc elementor-widget elementor-widget-text-editor\" data-id=\"c93b2bc\" data-element_type=\"widget\" data-widget_type=\"text-editor.default\">\n\t\t\t\t<div class=\"elementor-widget-container\">\n\t\t\t<style>\/*! elementor - v3.15.0 - 20-08-2023 *\/\n.elementor-widget-text-editor.elementor-drop-cap-view-stacked .elementor-drop-cap{background-color:#69727d;color:#fff}.elementor-widget-text-editor.elementor-drop-cap-view-framed .elementor-drop-cap{color:#69727d;border:3px solid;background-color:transparent}.elementor-widget-text-editor:not(.elementor-drop-cap-view-default) .elementor-drop-cap{margin-top:8px}.elementor-widget-text-editor:not(.elementor-drop-cap-view-default) .elementor-drop-cap-letter{width:1em;height:1em}.elementor-widget-text-editor .elementor-drop-cap{float:left;text-align:center;line-height:1;font-size:50px}.elementor-widget-text-editor .elementor-drop-cap-letter{display:inline-block}<\/style>\t\t\t\t<p>Chez Savewithnerds, nous sommes l\u00e0 pour vous fournir toutes les informations dont vous avez besoin pour prendre des d\u00e9cisions d&#039;achat \u00e9clair\u00e9es. Nos experts effectuent des tests approfondis sur chaque produit pour s&#039;assurer que vous pouvez vous fier \u00e0 nos conclusions. M\u00eame si nous testons tout \u00e0 fond, nos critiques sont r\u00e9dig\u00e9es dans un anglais simple afin que vous puissiez faire confiance et comprendre nos recommandations.<\/p>\t\t\t\t\t\t<\/div>\n\t\t\t\t<\/div>\n\t\t\t\t\t<\/div>\n\t\t<\/div>\n\t\t\t\t\t\t\t<\/div>\n\t\t<\/section>\n\t\t\t\t\t\t\t<\/div>","protected":false},"excerpt":{"rendered":"<p>We at Savewithnerds are here to provide you with all the information you require to make informed purchasing decisions. Our experts conduct extensive testing on every product to ensure that you can rely on our findings. Even though we thoroughly test everything, our reviews are written in plain English so that you can trust and<\/p>","protected":false},"author":1,"featured_media":0,"parent":0,"menu_order":0,"comment_status":"closed","ping_status":"closed","template":"page-templates\/blocks.php","meta":{"footnotes":""},"class_list":["post-4468","page","type-page","status-publish"],"_links":{"self":[{"href":"https:\/\/savewithnerds.com\/fr\/wp-json\/wp\/v2\/pages\/4468","targetHints":{"allow":["GET"]}}],"collection":[{"href":"https:\/\/savewithnerds.com\/fr\/wp-json\/wp\/v2\/pages"}],"about":[{"href":"https:\/\/savewithnerds.com\/fr\/wp-json\/wp\/v2\/types\/page"}],"author":[{"embeddable":true,"href":"https:\/\/savewithnerds.com\/fr\/wp-json\/wp\/v2\/users\/1"}],"replies":[{"embeddable":true,"href":"https:\/\/savewithnerds.com\/fr\/wp-json\/wp\/v2\/comments?post=4468"}],"version-history":[{"count":0,"href":"https:\/\/savewithnerds.com\/fr\/wp-json\/wp\/v2\/pages\/4468\/revisions"}],"wp:attachment":[{"href":"https:\/\/savewithnerds.com\/fr\/wp-json\/wp\/v2\/media?parent=4468"}],"curies":[{"name":"wp","href":"https:\/\/api.w.org\/{rel}","templated":true}]}}