{"id":11873,"date":"2023-01-11T11:17:32","date_gmt":"2023-01-11T11:17:32","guid":{"rendered":"https:\/\/savewithnerds.com\/?page_id=11873"},"modified":"2024-05-08T10:33:02","modified_gmt":"2024-05-08T05:03:02","slug":"contact-us","status":"publish","type":"page","link":"https:\/\/savewithnerds.com\/fr\/contact-us\/","title":{"rendered":"Contactez-nous"},"content":{"rendered":"<p>Savewithnerds pense qu&#039;une communication coh\u00e9rente est la cl\u00e9 d&#039;excellents partenariats et collaborations et notre \u00e9quipe d&#039;assistance 24 \u00d7 7 est disponible \u00e0 votre service.<br \/>\nN&#039;h\u00e9sitez pas \u00e0 nous contacter \u00e0 tout moment avec un simple e-mail \u00e0 savewithnerds@gmail.com<\/p>\n<p>Ou contactez-nous via nos identifiants de r\u00e9seaux sociaux<\/p>\n<p>Notre \u00e9quipe r\u00e9pond dans les 48 heures suivant la communication.<\/p>\n<p>Dans l&#039;attente de quelques grands partenariats avec vous. Nous esp\u00e9rons grandir avec tous nos clients.<\/p>","protected":false},"excerpt":{"rendered":"<p>Savewithnerds believes consistent communication is the key to great partnerships and collaborations and our 24&#215;7 support team is available at your service. Feel free to contact us anytime with just a simple email at savewithnerds@gmail.com Or Get in touch at our social media handles Our team replies within 48 hours of communication. Looking forward to<\/p>","protected":false},"author":1,"featured_media":0,"parent":0,"menu_order":0,"comment_status":"closed","ping_status":"closed","template":"","meta":{"footnotes":""},"class_list":["post-11873","page","type-page","status-publish"],"_links":{"self":[{"href":"https:\/\/savewithnerds.com\/fr\/wp-json\/wp\/v2\/pages\/11873","targetHints":{"allow":["GET"]}}],"collection":[{"href":"https:\/\/savewithnerds.com\/fr\/wp-json\/wp\/v2\/pages"}],"about":[{"href":"https:\/\/savewithnerds.com\/fr\/wp-json\/wp\/v2\/types\/page"}],"author":[{"embeddable":true,"href":"https:\/\/savewithnerds.com\/fr\/wp-json\/wp\/v2\/users\/1"}],"replies":[{"embeddable":true,"href":"https:\/\/savewithnerds.com\/fr\/wp-json\/wp\/v2\/comments?post=11873"}],"version-history":[{"count":0,"href":"https:\/\/savewithnerds.com\/fr\/wp-json\/wp\/v2\/pages\/11873\/revisions"}],"wp:attachment":[{"href":"https:\/\/savewithnerds.com\/fr\/wp-json\/wp\/v2\/media?parent=11873"}],"curies":[{"name":"wp","href":"https:\/\/api.w.org\/{rel}","templated":true}]}}