{"id":8547,"date":"2022-10-07T11:44:42","date_gmt":"2022-10-07T11:44:42","guid":{"rendered":"https:\/\/savewithnerds.com\/?page_id=8547"},"modified":"2024-01-30T15:48:21","modified_gmt":"2024-01-30T10:18:21","slug":"affiliate-policy","status":"publish","type":"page","link":"https:\/\/savewithnerds.com\/es\/affiliate-policy\/","title":{"rendered":"Pol\u00edtica de afiliados"},"content":{"rendered":"<p>En <a href=\"https:\/\/savewithnerds.com\/es\/\">Ahorra con nerds<\/a>\u00a0encontrar\u00e1 enlaces para comprar productos de Amazon y otros socios. Si hace clic en estos enlaces, a veces encontrar\u00e1 que la URL incluye un peque\u00f1o fragmento de texto adicional que identifica que el clic provino de nuestro sitio web. Este texto es un c\u00f3digo de afiliado y significa que recibimos un peque\u00f1o porcentaje del dinero que gastas si eliges comprar ese producto; o, en algunos casos, otros productos del sitio poco despu\u00e9s.<\/p>\n<p>Estos enlaces de afiliados ayudan a pagar los costos de producci\u00f3n de este sitio web y garantizan que el contenido sea gratuito para usted. Sin embargo, esto no significa que estemos en deuda con Amazon o cualquier otra compa\u00f1\u00eda. La empresa tampoco tiene ninguna influencia sobre la cobertura editorial, qu\u00e9 productos publicamos, c\u00f3mo calificamos los productos, ni qu\u00e9 productos son revisados positivamente. Nuestro contenido editorial es completamente imparcial y se basa en pruebas e investigaciones exhaustivas. Aunque nuestro equipo editorial a menudo es responsable de insertar enlaces en las p\u00e1ginas, sus rese\u00f1as y recomendaciones son completamente independientes desde el punto de vista editorial y no hay ning\u00fan incentivo para recomendar productos malos.<\/p>\n<p>Para obtener m\u00e1s informaci\u00f3n, consulte nuestro\u00a0<a href=\"https:\/\/savewithnerds.com\/es\/privacy-policy\/\">pol\u00edtica de privacidad<\/a>\u00a0y\u00a0<a href=\"https:\/\/savewithnerds.com\/es\/cookie-policy\/\">pol\u00edtica de cookies<\/a>.<\/p>","protected":false},"excerpt":{"rendered":"<p>At Save With Nerds\u00a0you\u2019ll find links to buy products from Amazon and other partners. If you click on these links, you\u2019ll sometimes find that the URL includes a small extra piece of text that identifies that the click came from our website. This text is an affiliate code, and it means we receive a small<\/p>","protected":false},"author":2,"featured_media":0,"parent":0,"menu_order":0,"comment_status":"closed","ping_status":"closed","template":"","meta":{"footnotes":""},"class_list":["post-8547","page","type-page","status-publish"],"_links":{"self":[{"href":"https:\/\/savewithnerds.com\/es\/wp-json\/wp\/v2\/pages\/8547","targetHints":{"allow":["GET"]}}],"collection":[{"href":"https:\/\/savewithnerds.com\/es\/wp-json\/wp\/v2\/pages"}],"about":[{"href":"https:\/\/savewithnerds.com\/es\/wp-json\/wp\/v2\/types\/page"}],"author":[{"embeddable":true,"href":"https:\/\/savewithnerds.com\/es\/wp-json\/wp\/v2\/users\/2"}],"replies":[{"embeddable":true,"href":"https:\/\/savewithnerds.com\/es\/wp-json\/wp\/v2\/comments?post=8547"}],"version-history":[{"count":0,"href":"https:\/\/savewithnerds.com\/es\/wp-json\/wp\/v2\/pages\/8547\/revisions"}],"wp:attachment":[{"href":"https:\/\/savewithnerds.com\/es\/wp-json\/wp\/v2\/media?parent=8547"}],"curies":[{"name":"wp","href":"https:\/\/api.w.org\/{rel}","templated":true}]}}