{"id":11873,"date":"2023-01-11T11:17:32","date_gmt":"2023-01-11T11:17:32","guid":{"rendered":"https:\/\/savewithnerds.com\/?page_id=11873"},"modified":"2024-05-08T10:33:02","modified_gmt":"2024-05-08T05:03:02","slug":"contact-us","status":"publish","type":"page","link":"https:\/\/savewithnerds.com\/es\/contact-us\/","title":{"rendered":"Cont\u00e1ctenos"},"content":{"rendered":"<p>Savewithnerds cree que la comunicaci\u00f3n constante es la clave para grandes asociaciones y colaboraciones y nuestro equipo de soporte 24 \u00d7 7 est\u00e1 disponible para su servicio.<br \/>\nNo dude en contactarnos en cualquier momento con un simple correo electr\u00f3nico a savewithnerds@gmail.com<\/p>\n<p>O p\u00f3ngase en contacto en nuestras redes sociales<\/p>\n<p>Nuestro equipo responde dentro de las 48 horas posteriores a la comunicaci\u00f3n.<\/p>\n<p>Mirando hacia adelante a algunas grandes asociaciones con usted. Esperamos crecer junto con todos nuestros clientes.<\/p>","protected":false},"excerpt":{"rendered":"<p>Savewithnerds believes consistent communication is the key to great partnerships and collaborations and our 24&#215;7 support team is available at your service. Feel free to contact us anytime with just a simple email at savewithnerds@gmail.com Or Get in touch at our social media handles Our team replies within 48 hours of communication. Looking forward to<\/p>","protected":false},"author":1,"featured_media":0,"parent":0,"menu_order":0,"comment_status":"closed","ping_status":"closed","template":"","meta":{"footnotes":""},"class_list":["post-11873","page","type-page","status-publish"],"_links":{"self":[{"href":"https:\/\/savewithnerds.com\/es\/wp-json\/wp\/v2\/pages\/11873","targetHints":{"allow":["GET"]}}],"collection":[{"href":"https:\/\/savewithnerds.com\/es\/wp-json\/wp\/v2\/pages"}],"about":[{"href":"https:\/\/savewithnerds.com\/es\/wp-json\/wp\/v2\/types\/page"}],"author":[{"embeddable":true,"href":"https:\/\/savewithnerds.com\/es\/wp-json\/wp\/v2\/users\/1"}],"replies":[{"embeddable":true,"href":"https:\/\/savewithnerds.com\/es\/wp-json\/wp\/v2\/comments?post=11873"}],"version-history":[{"count":0,"href":"https:\/\/savewithnerds.com\/es\/wp-json\/wp\/v2\/pages\/11873\/revisions"}],"wp:attachment":[{"href":"https:\/\/savewithnerds.com\/es\/wp-json\/wp\/v2\/media?parent=11873"}],"curies":[{"name":"wp","href":"https:\/\/api.w.org\/{rel}","templated":true}]}}